{"id":133,"date":"2019-04-29T20:57:13","date_gmt":"2019-04-29T20:57:13","guid":{"rendered":"http:\/\/jeanmagill.com\/?page_id=133"},"modified":"2020-09-03T23:04:26","modified_gmt":"2020-09-03T23:04:26","slug":"jean-magill","status":"publish","type":"page","link":"http:\/\/jeanmagill.com\/?page_id=133","title":{"rendered":"Jean Magill"},"content":{"rendered":"<table style=\"background-color: #f0f8ff; border: 1px solid black; cellspacing: 1em;\">\n<tbody>\n<tr>\n<td><b><span style=\"color: #00008b; font-size: 150%;\">Gu\u00e9rison \u00e0 distance disponible par t\u00e9l\u00e9phone \u2013 Obtenez tous les b\u00e9n\u00e9fices de la gu\u00e9rison \u00e9nerg\u00e9tique depuis le confort de votre domicile.<\/span><\/b><\/td>\n<\/tr>\n<\/tbody>\n<\/table>\n<p><a href=\"http:\/\/jeanmagill.com\/wp-content\/uploads\/2011\/12\/JeanMagill2019.jpg\"><img loading=\"lazy\" decoding=\"async\" class=\"alignleft size-medium wp-image-78\" src=\"http:\/\/jeanmagill.com\/wp-content\/uploads\/2011\/12\/JeanMagill2019-169x300.jpg\" alt=\"\" width=\"169\" height=\"300\" srcset=\"http:\/\/jeanmagill.com\/wp-content\/uploads\/2011\/12\/JeanMagill2019-169x300.jpg 169w, http:\/\/jeanmagill.com\/wp-content\/uploads\/2011\/12\/JeanMagill2019-768x1365.jpg 768w, http:\/\/jeanmagill.com\/wp-content\/uploads\/2011\/12\/JeanMagill2019-576x1024.jpg 576w, http:\/\/jeanmagill.com\/wp-content\/uploads\/2011\/12\/JeanMagill2019.jpg 1243w\" sizes=\"auto, (max-width: 169px) 100vw, 169px\" \/><\/a> <b>Massoth\u00e9rapie, membre de l&#8217;Association professionnelle des Massoth\u00e9rapeutes du Qu\u00e9bec (M.P.A.Q \/ A.M.P.Q) et gu\u00e9risseur \u00e9nerg\u00e9tique<\/b><\/p>\n<p><b>Qu&#8217;est-ce que la gu\u00e9rison \u00e9nerg\u00e9tique?<\/b><\/p>\n<p>La gu\u00e9rison \u00e9nerg\u00e9tique est une technique douce donn\u00e9e \u00e0 distance par t\u00e9l\u00e9phone ou en personne qui peut diriger l\u2019\u00e9nergie de la force de vie universelle \u00e0 travers le corps pour l\u2019aider \u00e0 gu\u00e9rir. Il lib\u00e8re les blocages dans les lignes d\u2019\u00e9nergie du corps afin d\u2019am\u00e9liorer le bien-\u00eatre physique, \u00e9motionnel, mental et spirituel d\u2019une personne. Il peut \u00eatre utilis\u00e9 pour r\u00e9duire le stress, soulager la douleur, acc\u00e9l\u00e9rer la gu\u00e9rison, all\u00e9ger la d\u00e9tresse \u00e9motionnelle et \u00e9quilibrer les \u00e9nergies. C&#8217;est subtil mais profond. L\u2019ancrage de l&#8217;\u00e9nergie aide \u00e0 obtenir une gu\u00e9rison plus profonde.<\/p>\n<p>Veuillez noter que Jean ne diagnostique ni ne conseille aucun traitement m\u00e9dical. La gu\u00e9rison \u00e9nerg\u00e9tique ne remplace pas les traitements m\u00e9dicaux, mais lorsque vous vous ouvrez \u00e0 la gu\u00e9rison \u00e9nerg\u00e9tique, vous serez \u00e9merveill\u00e9 par la gu\u00e9rison qui peut en r\u00e9sulter.<\/p>\n<p><b>Point de vue et exp\u00e9rience de Jean sur le travail de gu\u00e9rison \u00e9nerg\u00e9tique<\/b><\/p>\n<p>La condition fondamentale pour \u00eatre en bonne sant\u00e9 est d\u2019\u00eatre ancr\u00e9 dans son corps. Notre condition humaine est largement fa\u00e7onn\u00e9e et influenc\u00e9e par notre corps \u00e9motionnel. Nos \u00e9motions \u00ab n\u00e9gatives \u00bb peuvent cr\u00e9er des d\u00e9s\u00e9quilibres qui causent des maladies. Chaque maladie a une \u00e9motion qui y est attach\u00e9e. Lorsque vous \u00eates ancr\u00e9 dans votre corps, vous inondez une exp\u00e9rience ou une \u00e9motion n\u00e9gative (ou stimulante) d&#8217;amour et de lumi\u00e8re. L\u2019ancrage maintient le corps \u00e9nerg\u00e9tique en bonne sant\u00e9.<\/p>\n<p>M\u00eame si vous priez et m\u00e9ditez, demandez de l&#8217;aide \u00e0 Dieu ou faites appel aux anges, si vous ne pouvez pas absorber la lumi\u00e8re divine \u00e0 cause des blocages dans le corps, le champ d&#8217;\u00e9nergie peut rester opaque.<\/p>\n<p>Lorsque vous n&#8217;\u00eates pas enracin\u00e9, laissant ainsi les \u00e9motions envahir votre syst\u00e8me, cette \u00e9nergie bloqu\u00e9e peut alors se manifester dans le corps en tant que maladie. Les blocages apparaissent d&#8217;abord dans le champ d&#8217;\u00e9nergie, puis se manifestent plus tard dans le corps physique. Habituellement, l&#8217;approche consiste \u00e0 combattre la maladie plut\u00f4t que de renforcer le corps, les \u00e9motions, le corps et l&#8217;esprit afin de permettre \u00e0 l&#8217;\u00e9nergie de circuler librement.<\/p>\n<p>Il est possible de photographier le champ \u00e9nerg\u00e9tique et voir l&#8217;aura sur une photo. Quand nous nettoyons le champ \u00e9nerg\u00e9tique, r\u00e9\u00e9quilibrons et ouvrons les chakras, nous pouvons nous sentir beaucoup mieux.<\/p>\n<p>\u00catre enracin\u00e9, c&#8217;est \u00eatre pleinement pr\u00e9sent au niveau physique, \u00e9motionnel et \u00e9nerg\u00e9tique. Cela signifie que votre esprit est clair, qu\u2019il ne vagabonde pas et qu\u2019il est centr\u00e9. Au lieu de penser au pass\u00e9 ou au futur, vous \u00eates dans le moment pr\u00e9sent. La plupart des gens connaissent des difficult\u00e9s quand leur esprit erre vers des pens\u00e9es n\u00e9gatives et des inqui\u00e9tudes au sujet de leur vie quotidienne. Nous voulons tous apprendre \u00e0 changer nos pens\u00e9es, \u00e0 les garder positives et \u00e0 nous sentir bien.<\/p>\n<p>Lorsque nous restons ancr\u00e9s et pleinement pr\u00e9sents, nous nous ouvrons \u00e0 l&#8217;\u00e9nergie divine universelle qui nous entoure. \u00c0 mesure que la tension dispara\u00eet, nous pouvons sentir la paix et la s\u00e9r\u00e9nit\u00e9 entrer dans nos vies et la gu\u00e9rison peut alors avoir lieu. Lorsque nous restons ancr\u00e9s, nous ne cr\u00e9ons pas de r\u00e9actions chaotiques autour de nous. Nous pouvons profiter de notre vie et ne pas prendre les choses si s\u00e9rieusement. Nous pouvons commencer \u00e0 porter un regard diff\u00e9rent sur notre vie d&#8217;une mani\u00e8re positive.<\/p>\n","protected":false},"excerpt":{"rendered":"<p>Gu\u00e9rison \u00e0 distance disponible par t\u00e9l\u00e9phone \u2013 Obtenez tous les b\u00e9n\u00e9fices de la gu\u00e9rison \u00e9nerg\u00e9tique depuis le confort de votre domicile. Massoth\u00e9rapie, membre de l&#8217;Association professionnelle des Massoth\u00e9rapeutes du Qu\u00e9bec (M.P.A.Q \/ A.M.P.Q) et gu\u00e9risseur \u00e9nerg\u00e9tique Qu&#8217;est-ce que la gu\u00e9rison \u00e9nerg\u00e9tique? La gu\u00e9rison \u00e9nerg\u00e9tique est une technique douce donn\u00e9e \u00e0 distance par t\u00e9l\u00e9phone ou en [&hellip;]<\/p>\n","protected":false},"author":1,"featured_media":0,"parent":0,"menu_order":0,"comment_status":"closed","ping_status":"closed","template":"","meta":{"footnotes":""},"class_list":["post-133","page","type-page","status-publish","hentry"],"_links":{"self":[{"href":"http:\/\/jeanmagill.com\/index.php?rest_route=\/wp\/v2\/pages\/133","targetHints":{"allow":["GET"]}}],"collection":[{"href":"http:\/\/jeanmagill.com\/index.php?rest_route=\/wp\/v2\/pages"}],"about":[{"href":"http:\/\/jeanmagill.com\/index.php?rest_route=\/wp\/v2\/types\/page"}],"author":[{"embeddable":true,"href":"http:\/\/jeanmagill.com\/index.php?rest_route=\/wp\/v2\/users\/1"}],"replies":[{"embeddable":true,"href":"http:\/\/jeanmagill.com\/index.php?rest_route=%2Fwp%2Fv2%2Fcomments&post=133"}],"version-history":[{"count":10,"href":"http:\/\/jeanmagill.com\/index.php?rest_route=\/wp\/v2\/pages\/133\/revisions"}],"predecessor-version":[{"id":181,"href":"http:\/\/jeanmagill.com\/index.php?rest_route=\/wp\/v2\/pages\/133\/revisions\/181"}],"wp:attachment":[{"href":"http:\/\/jeanmagill.com\/index.php?rest_route=%2Fwp%2Fv2%2Fmedia&parent=133"}],"curies":[{"name":"wp","href":"https:\/\/api.w.org\/{rel}","templated":true}]}}